{"id":258,"date":"2011-04-09T11:25:21","date_gmt":"2011-04-09T10:25:21","guid":{"rendered":"https:\/\/mursky.com\/?page_id=258"},"modified":"2021-09-14T22:49:50","modified_gmt":"2021-09-14T20:49:50","slug":"presse","status":"publish","type":"page","link":"https:\/\/mursky.com\/de\/presse\/","title":{"rendered":"Presse"},"content":{"rendered":"<p>\u201eEug\u00e8ne Mursky ist schon jetzt einer der prominentesten Pianisten seiner Generation\u201c.<\/p>\n<p style=\"text-align: right;\"><span style=\"color: #0f95af;\"><em>La Voix du Nord, Lille<\/em><\/span><\/p>\n<p>Mursky ist schnell, kraftvoll, treffsicher dazu jederzeit absolut kontrolliert, ohne jedoch ins Gef\u00fchllose abzugleiten.<\/p>\n<p style=\"text-align: right;\"><span style=\"color: #0f95af;\"><em>FonoForum<\/em><\/span><\/p>\n<p>\u2026ein wahrlich begnadetes Talent und ein\u2026 gereifter Ausnahmemusiker.<\/p>\n<p style=\"text-align: right;\"><span style=\"color: #0f95af;\"><em>Fr\u00e4nkische Nachrichten, Frankenland<\/em><\/span><\/p>\n<p>\u201e(Schumanns Klavierquintett) wurde von Mursky und Metropolis Quartett kammermusikalisch differenziert und geschmackvoll dargeboten.\u201c<\/p>\n<p style=\"text-align: right;\"><span style=\"color: #0f95af;\"><em>Frankfurter Allgemeine Zeitung, Frankfurt am Main<\/em><\/span><\/p>\n<p>Der junge Virtuose ist\u2026 ein intelligenter seine Mittel \u00fcberlegen einsetzender Gestalter.<\/p>\n<p style=\"text-align: right;\"><span style=\"color: #0f95af;\"><em>Nordsee Zeitung, Bremerhaven<\/em><\/span><\/p>\n<p>&#8220;Eugene Mursky ist ein begnadeter Techniker aber auch ein Musiker mit Ideen.&#8221;<\/p>\n<p style=\"text-align: right;\"><span style=\"color: #0f95af;\"><em>Salzburger Nachrichten, Salzburg<\/em><\/span><\/p>\n<p>Mit dem Urteil &#8220;Weltklasse&#8221; muss man sparsam umgehen. Aber was der 31 Jahre alte Eugene Mursky bot, war eigentlich mit Worten nicht zu fassen. Er ist ein Ph\u00e4nomen&#8230;.ein absolut brillanter, technisch so unglaublich sicherer, dabei kraftvoller, gleichzeitig zu leisesten T\u00f6nen f\u00e4higer Pianist&#8230;. Man \u00f6ffne diesem Pianisten, diesem Zauberer schleunigst die gro\u00dfen Konzertpodien dieser Welt!<\/p>\n<p style=\"text-align: right;\"><span style=\"color: #0f95af;\"><em>Hamburger Abendblatt, Hamburg<\/em><\/span><\/p>\n<p>Mursky legte seine Seele ebenso ins Spiel wie Kraft, Z\u00e4rtlichkeit, Rasanz und viel, viel Gef\u00fchl.<\/p>\n<p style=\"text-align: right;\"><span style=\"color: #0f95af;\"><em>Westdeutsche Allgemeine Zeitung, Essen<\/em><\/span><\/p>\n<p>SWR Silvester Konzert: Durch die &#8230; Begeisternde Leistung des Pianisten Eugene Mursky avancierte diese (Gershwins) Rhapsodie in Blue zum unumstrittenen H\u00f6hepunkt des Abends.<\/p>\n<p style=\"text-align: right;\"><span style=\"color: #0f95af;\"><em>Rein-Main Presse, Mainz<\/em><\/span><\/p>\n<p>Eugene Mursky hat sich zu einem Spezialisten entwickelt, der die Musik Chopins herausgeholt hat aus der Welt des Salons und des Parfums in die Realit\u00e4t einer modernen konzertanten Gegenwart&#8230; Er spielt nicht unbedingt poetischer als andere Pianisten, seine Klangvorstellungen sind aber lebendiger und lustvoller. Bei ihm klingt alles an, das Bizarre, das Fantastische, die atmende Wildheit. Er ist mit unglaublicher Energie den tausend Schwebungen auf der Spur und hat Freude an der Detailzeichnung der Spielfiguren. \u00dcber Pianistisches zu reden er\u00fcbrigt sich bei ihm zum gr\u00f6\u00dften Teil, ihm scheint die Musik Chopins organisch aus den Fingern zu wachsen.<\/p>\n<p style=\"text-align: right;\"><span style=\"color: #0f95af;\"><em>Stuttgarter Zeitung, Stuttgart<\/em><\/span><\/p>\n<p>Liedhaft, gef\u00fchlvoll, hingetupft, fast vertr\u00e4umt wirkte Murskys Chopin-Spiel. Die Finessen des Kopfsatzes, die vertrackten L\u00e4ufe meisterte er respektabel, aber ohne die extrovertierte Lust der pianistisch brillanteren Kollegen. Ein poetisch, ein weiches, nicht weichliches Chopin-Verst\u00e4ndnis teilte sich da mit.<\/p>\n<p style=\"text-align: right;\"><span style=\"color: #0f95af;\"><em>Braunschweiger Zeitung, Braunschweig<\/em><\/span><\/p>\n<p>\u201eMursky legt seine ganze Seele ins Spiel, zaubert und verzaubert.\u201c<\/p>\n<p style=\"text-align: right;\"><span style=\"color: #0f95af;\"><em>L\u00fcbecker Nachrichten, L\u00fcbeck<\/em><\/span><\/p>\n<p>Mit MELOS Quartett: \u201eZusammenspiel und sein Einsatz war ganz einfach imponierend. Er vermochte sein Spiel in den Klang des Melos Trio hinein zu bauen, so dass kein einziger Bratschen Ton im Zusammenhang verloren ging. Das Mozart Quartett wurde zu einem echten Mozart, das Schumann Scherzo atmete in einem leichten Pianissimo und das Brahms Quartett wurde transparent trotz dessen schweren Struktur. Beeindruckend.\u201d<\/p>\n<p style=\"text-align: right;\"><span style=\"color: #0f95af;\"><em>NordJuske, Aalborg<\/em><\/span><\/p>\n<p>\u201cMursky interpretiert \u201cBilder einer Ausstellung\u201d meisterhaft\u201c<\/p>\n<p style=\"text-align: right;\"><span style=\"color: #0f95af;\"><em>Th\u00fcringische Landeszeitung, Weimer<\/em><\/span><\/p>\n<hr \/>","protected":false},"excerpt":{"rendered":"<p>\u201eEug\u00e8ne Mursky ist schon jetzt einer der prominentesten Pianisten seiner Generation\u201c. La Voix du Nord, Lille Mursky ist schnell, kraftvoll, treffsicher dazu jederzeit absolut kontrolliert, ohne jedoch ins Gef\u00fchllose abzugleiten. FonoForum \u2026ein wahrlich begnadetes Talent und ein\u2026 gereifter Ausnahmemusiker. Fr\u00e4nkische Nachrichten, Frankenland \u201e(Schumanns Klavierquintett) wurde von Mursky und Metropolis Quartett kammermusikalisch differenziert und geschmackvoll dargeboten.\u201c [&hellip;]<\/p>","protected":false},"author":2,"featured_media":0,"parent":0,"menu_order":2,"comment_status":"closed","ping_status":"closed","template":"","meta":{"footnotes":""},"class_list":["post-258","page","type-page","status-publish","hentry"],"_links":{"self":[{"href":"https:\/\/mursky.com\/de\/wp-json\/wp\/v2\/pages\/258","targetHints":{"allow":["GET"]}}],"collection":[{"href":"https:\/\/mursky.com\/de\/wp-json\/wp\/v2\/pages"}],"about":[{"href":"https:\/\/mursky.com\/de\/wp-json\/wp\/v2\/types\/page"}],"author":[{"embeddable":true,"href":"https:\/\/mursky.com\/de\/wp-json\/wp\/v2\/users\/2"}],"replies":[{"embeddable":true,"href":"https:\/\/mursky.com\/de\/wp-json\/wp\/v2\/comments?post=258"}],"version-history":[{"count":0,"href":"https:\/\/mursky.com\/de\/wp-json\/wp\/v2\/pages\/258\/revisions"}],"wp:attachment":[{"href":"https:\/\/mursky.com\/de\/wp-json\/wp\/v2\/media?parent=258"}],"curies":[{"name":"wp","href":"https:\/\/api.w.org\/{rel}","templated":true}]}}