{"id":4,"date":"2011-03-30T16:47:07","date_gmt":"2011-03-30T15:47:07","guid":{"rendered":"https:\/\/mursky.com\/?page_id=4"},"modified":"2024-07-22T23:48:58","modified_gmt":"2024-07-22T21:48:58","slug":"biografie","status":"publish","type":"page","link":"https:\/\/mursky.com\/de\/biografie\/","title":{"rendered":"Biografie"},"content":{"rendered":"<p><strong><span style=\"color: #0f95af;\"><a href=\"https:\/\/mursky.com\/de\/diana-and-mursky\/\"><img fetchpriority=\"high\" decoding=\"async\" class=\"alignleft wp-image-849\" src=\"https:\/\/mursky.com\/wp-content\/uploads\/2017\/07\/Diana-and-Mursky-300x168.jpg\" alt=\"\" width=\"398\" height=\"223\" srcset=\"https:\/\/mursky.com\/wp-content\/uploads\/2017\/07\/Diana-and-Mursky-300x168.jpg 300w, https:\/\/mursky.com\/wp-content\/uploads\/2017\/07\/Diana-and-Mursky.jpg 550w\" sizes=\"(max-width: 398px) 100vw, 398px\" \/><\/a>Eugene Mursky<\/span><\/strong>, ein Pianist von internationalem Renommee, erlangte erste weltweite Aufmerksamkeit, als er 1994 den ersten Preis beim prestigetr\u00e4chtigen World Piano Competition in London gewann. Dieser Sieg, verbunden mit dem Preis f\u00fcr die beste Chopin-Interpretation, \u00f6ffnete ihm die T\u00fcren zu bedeutenden Konzertb\u00fchnen in Gro\u00dfbritannien, Deutschland, Italien, Japan und den USA. Als Solist konzertierte er mit renommierten Orchestern wie dem London Symphony Orchestra, The Philharmonia Orchestra, dem Irish National Orchestra Dublin, dem Orchester National de Lille, dem K\u00f6niglich Philharmonischen Orchester Stockholm, dem Auckland Philharmonia Orchestra und dem Singapore Symphony Orchestra. Zudem hat er mit herausragenden Kammermusikpartnern wie dem Melos-Quartett, dem Vogler-Quartett, Sharon Kam, Tatjana Mazurenko, Wenzel Fuchs und Gustav Rivinius zusammengearbeitet. Diese vielf\u00e4ltigen Erfahrungen haben sein Verst\u00e4ndnis f\u00fcr die Interaktion und das Zusammenspiel mit anderen Musikern vertieft und ihm eine breitere k\u00fcnstlerische Perspektive verliehen.<\/p>\n<p>Seine Diskografie ist ebenso beeindruckend wie vielf\u00e4ltig. Zu seinen Aufnahmen z\u00e4hlen Schostakowitschs Klavierkonzert Nr. 1 op. 35 mit Wolfgang Bauer (Trompete) und dem Kammerorchester Arcata Stuttgart, sowie Interpretationen von Schumanns Fantasie, der Toccata und Beethovens Sonaten op. 27 Nr. 1 und Nr. 2 \u201eMondschein\u201c. Seine CD \u201eRussian Piano Music\u201c mit Werken von Rachmaninov, Skriabin und Prokofiev, ver\u00f6ffentlicht bei H\u00e4nssler Classics, sowie die Aufnahme von Beethovens Sonaten \u201ePathetique\u201c, \u201eWaldstein\u201c und \u201eAppassionata\u201c bei Telos Music, sind ein Zeugnis seiner k\u00fcnstlerischen Vielseitigkeit.<\/p>\n<p>Besonders bemerkenswert ist seine 13 CDs umfassende Frederic Chopin Edition, die bei PROFIL\/Edition G\u00fcnter H\u00e4nssler erschienen ist. Diese beinhaltet s\u00e4mtliche Balladen, Impromptus, Walzer, Polonaisen, Et\u00fcden, Scherzi, Fantasie, Barcarolle, Berceuse, Nocturnes, Lieder (mit dem Bariton Konrad Jarnot), Pr\u00e9ludes, Variationen, Sonaten und Mazurkas.<\/p>\n<p>Geboren in Taschkent, der Hauptstadt Usbekistans, begann Murskys musikalische Reise bei der renommierten Klavierp\u00e4dagogin Tamara Popowitsch an der Uspensky Spezial Musikschule. Gleichzeitig nahm er sechs Jahre lang Privatunterricht bei Professor Lev Naumov in Moskau, was seine k\u00fcnstlerische Entwicklung ma\u00dfgeblich pr\u00e4gte. Es folgten Auszeichnungen wie der erste Preis beim Nationalen Klavierwettbewerb der Republik Usbekistan 1989 und der Grand Prix beim 5. Klavierwettbewerb der Zentralasiatischen Republiken 1990.<\/p>\n<p>1993 zog es Mursky nach Deutschland, wo er an der Musikhochschule Trossingen unter Reinhard Becker sein Studium fortsetzte. Seine Leistungen wurden mit Stipendien des Deutschen Akademischen Austauschdienstes (DAAD) und der Kunststiftung Baden-W\u00fcrttemberg honoriert. In den Jahren 1997 und 1998 setzte Mursky sein Studium an der Musikhochschule Hannover bei Professor Einar Steen-N\u00f6kleberg fort. Seine k\u00fcnstlerische Entwicklung f\u00fchrte ihn auch nach Salzburg, wo er von 1998 bis 2003 am Mozarteum studierte und den F\u00f6rderpreis erhielt. Unter der Anleitung von Professor Hans Leygraf vertiefte er sein Repertoire und gewann mehrere internationale Wettbewerbe, darunter den \u201eConcours Grieg\u201c in Oslo im Jahr 2000, den Bremer Klavierwettbewerb 2001 und den \u201eF. Denza\u201c Internationalen Klavierwettbewerb in Neapel 2002.<\/p>\n<p>Eugene Mursky ist ein K\u00fcnstler von tiefer musikalischer Einsicht und technischer Brillanz. Seine Interpretationen verbinden poetische Feinf\u00fchligkeit mit virtuoser Kraft und hinterlassen bleibende Eindr\u00fccke bei Zuh\u00f6rern weltweit. Seine Konzerte und Aufnahmen sind nicht nur musikalische Erlebnisse, sondern zeugen auch von einem tiefen Verst\u00e4ndnis und Respekt f\u00fcr die Werke, die er interpretiert.<\/p>\n<p><a href=\"https:\/\/mursky.com\/wp-content\/uploads\/2024\/07\/MURSKY-Lebenslauf.pdf\">Biographie als pdf document herunterladen<\/a><\/p>","protected":false},"excerpt":{"rendered":"<p>Eugene Mursky, ein Pianist von internationalem Renommee, erlangte erste weltweite Aufmerksamkeit, als er 1994 den ersten Preis beim prestigetr\u00e4chtigen World Piano Competition in London gewann. Dieser Sieg, verbunden mit dem Preis f\u00fcr die beste Chopin-Interpretation, \u00f6ffnete ihm die T\u00fcren zu bedeutenden Konzertb\u00fchnen in Gro\u00dfbritannien, Deutschland, Italien, Japan und den USA. Als Solist konzertierte er mit [&hellip;]<\/p>","protected":false},"author":2,"featured_media":0,"parent":0,"menu_order":1,"comment_status":"closed","ping_status":"closed","template":"","meta":{"footnotes":""},"class_list":["post-4","page","type-page","status-publish","hentry"],"_links":{"self":[{"href":"https:\/\/mursky.com\/de\/wp-json\/wp\/v2\/pages\/4","targetHints":{"allow":["GET"]}}],"collection":[{"href":"https:\/\/mursky.com\/de\/wp-json\/wp\/v2\/pages"}],"about":[{"href":"https:\/\/mursky.com\/de\/wp-json\/wp\/v2\/types\/page"}],"author":[{"embeddable":true,"href":"https:\/\/mursky.com\/de\/wp-json\/wp\/v2\/users\/2"}],"replies":[{"embeddable":true,"href":"https:\/\/mursky.com\/de\/wp-json\/wp\/v2\/comments?post=4"}],"version-history":[{"count":3,"href":"https:\/\/mursky.com\/de\/wp-json\/wp\/v2\/pages\/4\/revisions"}],"predecessor-version":[{"id":1709,"href":"https:\/\/mursky.com\/de\/wp-json\/wp\/v2\/pages\/4\/revisions\/1709"}],"wp:attachment":[{"href":"https:\/\/mursky.com\/de\/wp-json\/wp\/v2\/media?parent=4"}],"curies":[{"name":"wp","href":"https:\/\/api.w.org\/{rel}","templated":true}]}}