{"id":59,"date":"2025-10-22T07:08:21","date_gmt":"2025-10-22T07:08:21","guid":{"rendered":"https:\/\/a2ztechnologies.co.uk\/demo\/mursky\/?page_id=59"},"modified":"2025-10-22T07:08:21","modified_gmt":"2025-10-22T07:08:21","slug":"press-2","status":"publish","type":"page","link":"https:\/\/mursky.com\/de\/press-2\/","title":{"rendered":"PRESS"},"content":{"rendered":"<div data-elementor-type=\"wp-page\" data-elementor-id=\"59\" class=\"elementor elementor-59\">\n\t\t\t\t<div class=\"elementor-element elementor-element-72854c8d e-flex e-con-boxed e-con e-parent\" data-id=\"72854c8d\" data-element_type=\"container\" data-settings=\"{&quot;background_background&quot;:&quot;classic&quot;}\">\n\t\t\t\t\t<div class=\"e-con-inner\">\n\t\t\t\t<div class=\"elementor-element elementor-element-160b8cf2 elementor-widget elementor-widget-heading\" data-id=\"160b8cf2\" data-element_type=\"widget\" data-widget_type=\"heading.default\">\n\t\t\t\t\t<h1 class=\"elementor-heading-title elementor-size-default\">Press<\/h1>\t\t\t\t<\/div>\n\t\t\t\t\t<\/div>\n\t\t\t\t<\/div>\n\t\t<div class=\"elementor-element elementor-element-309a3b1a e-flex e-con-boxed e-con e-parent\" data-id=\"309a3b1a\" data-element_type=\"container\" data-settings=\"{&quot;background_background&quot;:&quot;classic&quot;}\">\n\t\t\t\t\t<div class=\"e-con-inner\">\n\t\t\t\t<div class=\"elementor-element elementor-element-44711fef elementor-widget elementor-widget-heading\" data-id=\"44711fef\" data-element_type=\"widget\" data-widget_type=\"heading.default\">\n\t\t\t\t\t<h3 class=\"elementor-heading-title elementor-size-default\">Our press<\/h3>\t\t\t\t<\/div>\n\t\t\t\t<div class=\"elementor-element elementor-element-5f72225a elementor-widget elementor-widget-image\" data-id=\"5f72225a\" data-element_type=\"widget\" data-widget_type=\"image.default\">\n\t\t\t\t\t\t\t\t\t\t\t\t\t\t\t<img decoding=\"async\" src=\"https:\/\/mursky.com\/wp-content\/uploads\/2025\/10\/heading-divider.png\" title=\"\" alt=\"\" loading=\"lazy\" \/>\t\t\t\t\t\t\t\t\t\t\t\t\t\t\t<\/div>\n\t\t\t\t<div class=\"elementor-element elementor-element-4e42f2a elementor-grid-eael-col-2 elementor-grid-tablet-eael-col-2 elementor-grid-mobile-eael-col-1 elementor-widget elementor-widget-eael-post-grid\" data-id=\"4e42f2a\" data-element_type=\"widget\" data-settings=\"{&quot;eael_post_grid_columns&quot;:&quot;eael-col-2&quot;,&quot;eael_post_grid_columns_tablet&quot;:&quot;eael-col-2&quot;,&quot;eael_post_grid_columns_mobile&quot;:&quot;eael-col-1&quot;}\" data-widget_type=\"eael-post-grid.default\">\n\t\t\t\t\t<div id=\"eael-post-grid-4e42f2a\" class=\"eael-post-grid-container\">\n            <div class=\"eael-post-grid eael-post-appender eael-post-appender-4e42f2a eael-post-grid-style-one\" data-layout-mode=\"masonry\"><article class=\"eael-grid-post eael-post-grid-column\" data-id=\"1705\">\n        <div class=\"eael-grid-post-holder\">\n            <div class=\"eael-grid-post-holder-inner\"><div class=\"eael-entry-wrapper\"><header class=\"eael-entry-header\"><h3 class=\"eael-entry-title\"><a class=\"eael-grid-post-link\" href=\"https:\/\/mursky.com\/de\/press-de\/mursky-interpretiert-bilder-einer-ausstellung-meisterhaft\/\" title=\"\u201cMursky interpretiert \u201cBilder einer Ausstellung\u201d meisterhaft\u201c\">\u201cMursky interpretiert \u201cBilder einer Ausstellung\u201d meisterhaft\u201c<\/a><\/h3><\/header><div class=\"eael-entry-content\">\n                        <div class=\"eael-grid-post-excerpt\"><p>Th\u00fcringische Landeszeitung, Weimer<\/p><\/div>\n                    <\/div><\/div><\/div>\n        <\/div>\n    <\/article><article class=\"eael-grid-post eael-post-grid-column\" data-id=\"1703\">\n        <div class=\"eael-grid-post-holder\">\n            <div class=\"eael-grid-post-holder-inner\"><div class=\"eael-entry-wrapper\"><header class=\"eael-entry-header\"><h3 class=\"eael-entry-title\"><a class=\"eael-grid-post-link\" href=\"https:\/\/mursky.com\/de\/press-de\/mit-melos-quartett-zusammenspiel-und-sein-einsatz-war-ganz-einfach-imponierend-er-vermochte-sein-spiel-in-den-klang-des-melos-trio-hinein-zu-bauen-so-dass-kein-einziger-bratschen-ton-im-zu\/\" title=\"Mit MELOS Quartett: \u201eZusammenspiel und sein Einsatz war ganz einfach imponierend. Er vermochte sein Spiel in den Klang des Melos Trio hinein zu bauen, so dass kein einziger Bratschen Ton im Zusammenhang verloren ging. Das Mozart Quartett wurde zu einem echten Mozart, das Schumann Scherzo atmete in einem leichten Pianissimo und das Brahms Quartett wurde transparent trotz dessen schweren Struktur. Beeindruckend.\u201d\">Mit MELOS Quartett: \u201eZusammenspiel und sein Einsatz war ganz einfach imponierend. Er vermochte sein Spiel in den Klang des Melos Trio hinein zu bauen, so dass kein einziger Bratschen Ton im Zusammenhang verloren ging. Das Mozart Quartett wurde zu einem echten Mozart, das Schumann Scherzo atmete in einem leichten Pianissimo und das Brahms Quartett wurde transparent trotz dessen schweren Struktur. Beeindruckend.\u201d<\/a><\/h3><\/header><div class=\"eael-entry-content\">\n                        <div class=\"eael-grid-post-excerpt\"><p>NordJuske, Aalborg<\/p><\/div>\n                    <\/div><\/div><\/div>\n        <\/div>\n    <\/article><article class=\"eael-grid-post eael-post-grid-column\" data-id=\"1701\">\n        <div class=\"eael-grid-post-holder\">\n            <div class=\"eael-grid-post-holder-inner\"><div class=\"eael-entry-wrapper\"><header class=\"eael-entry-header\"><h3 class=\"eael-entry-title\"><a class=\"eael-grid-post-link\" href=\"https:\/\/mursky.com\/de\/press-de\/mursky-legt-seine-ganze-seele-ins-spiel-zaubert-und-verzaubert\/\" title=\"\u201eMursky legt seine ganze Seele ins Spiel, zaubert und verzaubert.\u201c\">\u201eMursky legt seine ganze Seele ins Spiel, zaubert und verzaubert.\u201c<\/a><\/h3><\/header><div class=\"eael-entry-content\">\n                        <div class=\"eael-grid-post-excerpt\"><p>L\u00fcbecker Nachrichten, L\u00fcbeck<\/p><\/div>\n                    <\/div><\/div><\/div>\n        <\/div>\n    <\/article><article class=\"eael-grid-post eael-post-grid-column\" data-id=\"2670\">\n        <div class=\"eael-grid-post-holder\">\n            <div class=\"eael-grid-post-holder-inner\"><div class=\"eael-entry-wrapper\"><header class=\"eael-entry-header\"><h3 class=\"eael-entry-title\"><a class=\"eael-grid-post-link\" href=\"https:\/\/mursky.com\/de\/press-de\/liedhaft-gefuhlvoll-hingetupft-fast-vertraumt-wirkte-murskys-chopin-spiel-die-finessen-des-kopfsatzes-die-vertrackten-laufe-meisterte-er-respektabel-aber-ohne-die-extrovertierte-lust-der-pianist\/\" title=\"Liedhaft, gef\u00fchlvoll, hingetupft, fast vertr\u00e4umt wirkte Murskys Chopin-Spiel. Die Finessen des Kopfsatzes, die vertrackten L\u00e4ufe meisterte er respektabel, aber ohne die extrovertierte Lust der pianistisch brillanteren Kollegen. Ein poetisch, ein weiches, nicht weichliches Chopin-Verst\u00e4ndnis teilte sich damit.\">Liedhaft, gef\u00fchlvoll, hingetupft, fast vertr\u00e4umt wirkte Murskys Chopin-Spiel. Die Finessen des Kopfsatzes, die vertrackten L\u00e4ufe meisterte er respektabel, aber ohne die extrovertierte Lust der pianistisch brillanteren Kollegen. Ein poetisch, ein weiches, nicht weichliches Chopin-Verst\u00e4ndnis teilte sich damit.<\/a><\/h3><\/header><div class=\"eael-entry-content\">\n                        <div class=\"eael-grid-post-excerpt\"><p>Braunschweiger Zeitung, Braunschweig<\/p><\/div>\n                    <\/div><\/div><\/div>\n        <\/div>\n    <\/article><\/div>\n            <div class=\"clearfix\"><\/div>\n        <\/div>            <div class=\"eael-load-more-button-wrap\">\n                <button class=\"eael-load-more-button\" id=\"eael-load-more-btn-4e42f2a\" data-widget-id=\"4e42f2a\" data-widget=\"4e42f2a\" data-page-id=\"59\" data-template=\"{&quot;dir&quot;:&quot;lite&quot;,&quot;file_name&quot;:&quot;one.php&quot;,&quot;name&quot;:&quot;Post-Grid&quot;}\" data-class=\"Essential_Addons_Elementor\\Elements\\Post_Grid\" data-layout=\"masonry\" data-page=\"1\" data-args=\"orderby=date&amp;order=desc&amp;ignore_sticky_posts=1&amp;post_status=publish&amp;posts_per_page=4&amp;offset=0&amp;post_type=post\" data-max-page=\"16\">\n                    <span class=\"eael-btn-loader button__loader\"><\/span>\n                    <span class=\"eael_load_more_text\">Weitere Bilder<\/span>\n                <\/button>\n            <\/div>\n            \t\t\t\t<\/div>\n\t\t<div class=\"elementor-element elementor-element-d49463d e-grid e-con-full e-con e-child\" data-id=\"d49463d\" data-element_type=\"container\">\n\t\t<div class=\"elementor-element elementor-element-0efe21d e-con-full e-flex e-con e-child\" data-id=\"0efe21d\" data-element_type=\"container\">\n\t\t\t\t<div class=\"elementor-element elementor-element-314da23 elementor-widget elementor-widget-image\" data-id=\"314da23\" data-element_type=\"widget\" data-widget_type=\"image.default\">\n\t\t\t\t\t\t\t\t\t\t\t\t\t\t\t<img decoding=\"async\" src=\"https:\/\/mursky.com\/wp-content\/uploads\/2025\/10\/news-1.png\" title=\"\" alt=\"\" loading=\"lazy\" \/>\t\t\t\t\t\t\t\t\t\t\t\t\t\t\t<\/div>\n\t\t\t\t<div class=\"elementor-element elementor-element-14f35cd elementor-widget elementor-widget-text-editor\" data-id=\"14f35cd\" data-element_type=\"widget\" data-widget_type=\"text-editor.default\">\n\t\t\t\t\t\t\t\t\t<p>Mursky had shown himself to be an artist of potentially wonderful talent. His playing of Haydn\u2019s Sonata was magical.<\/p>\t\t\t\t\t\t\t\t<\/div>\n\t\t\t\t<div class=\"elementor-element elementor-element-0497df2 elementor-widget elementor-widget-heading\" data-id=\"0497df2\" data-element_type=\"widget\" data-widget_type=\"heading.default\">\n\t\t\t\t\t<h3 class=\"elementor-heading-title elementor-size-default\">The Daily Telegraph, London<\/h3>\t\t\t\t<\/div>\n\t\t\t\t<\/div>\n\t\t<div class=\"elementor-element elementor-element-8bf1b50 e-con-full e-flex e-con e-child\" data-id=\"8bf1b50\" data-element_type=\"container\">\n\t\t\t\t<div class=\"elementor-element elementor-element-f6db3cd elementor-widget elementor-widget-image\" data-id=\"f6db3cd\" data-element_type=\"widget\" data-widget_type=\"image.default\">\n\t\t\t\t\t\t\t\t\t\t\t\t\t\t\t<img fetchpriority=\"high\" decoding=\"async\" width=\"356\" height=\"243\" src=\"https:\/\/mursky.com\/wp-content\/uploads\/2025\/10\/news-2-1.png\" class=\"attachment-full size-full wp-image-27\" alt=\"img\" srcset=\"https:\/\/mursky.com\/wp-content\/uploads\/2025\/10\/news-2-1.png 356w, https:\/\/mursky.com\/wp-content\/uploads\/2025\/10\/news-2-1-300x205.png 300w, https:\/\/mursky.com\/wp-content\/uploads\/2025\/10\/news-2-1-18x12.png 18w\" sizes=\"(max-width: 356px) 100vw, 356px\" \/>\t\t\t\t\t\t\t\t\t\t\t\t\t\t\t<\/div>\n\t\t\t\t<div class=\"elementor-element elementor-element-f59a306 elementor-widget elementor-widget-text-editor\" data-id=\"f59a306\" data-element_type=\"widget\" data-widget_type=\"text-editor.default\">\n\t\t\t\t\t\t\t\t\tEach idea and each section was characterised via distinctive tone and pacing, and when ideas and sections merged they could do so with&#8230; breathtaking subtlety.\t\t\t\t\t\t\t\t<\/div>\n\t\t\t\t<div class=\"elementor-element elementor-element-70de691 elementor-widget elementor-widget-heading\" data-id=\"70de691\" data-element_type=\"widget\" data-widget_type=\"heading.default\">\n\t\t\t\t\t<h3 class=\"elementor-heading-title elementor-size-default\">The Irish Times, Dublin<\/h3>\t\t\t\t<\/div>\n\t\t\t\t<\/div>\n\t\t<div class=\"elementor-element elementor-element-3eb86c1 e-con-full e-flex e-con e-child\" data-id=\"3eb86c1\" data-element_type=\"container\">\n\t\t\t\t<div class=\"elementor-element elementor-element-43b6220 elementor-widget elementor-widget-image\" data-id=\"43b6220\" data-element_type=\"widget\" data-widget_type=\"image.default\">\n\t\t\t\t\t\t\t\t\t\t\t\t\t\t\t<img decoding=\"async\" width=\"356\" height=\"243\" src=\"https:\/\/mursky.com\/wp-content\/uploads\/2025\/10\/news-3-1.png\" class=\"attachment-full size-full wp-image-28\" alt=\"\" srcset=\"https:\/\/mursky.com\/wp-content\/uploads\/2025\/10\/news-3-1.png 356w, https:\/\/mursky.com\/wp-content\/uploads\/2025\/10\/news-3-1-300x205.png 300w, https:\/\/mursky.com\/wp-content\/uploads\/2025\/10\/news-3-1-18x12.png 18w\" sizes=\"(max-width: 356px) 100vw, 356px\" \/>\t\t\t\t\t\t\t\t\t\t\t\t\t\t\t<\/div>\n\t\t\t\t<div class=\"elementor-element elementor-element-f086340 elementor-widget elementor-widget-text-editor\" data-id=\"f086340\" data-element_type=\"widget\" data-widget_type=\"text-editor.default\">\n\t\t\t\t\t\t\t\t\t<p>His powers of interpretation are full of mature poetry\u2026 presented witn a unique creative passion.<\/p>\t\t\t\t\t\t\t\t<\/div>\n\t\t\t\t<div class=\"elementor-element elementor-element-ae7d7e0 elementor-widget elementor-widget-heading\" data-id=\"ae7d7e0\" data-element_type=\"widget\" data-widget_type=\"heading.default\">\n\t\t\t\t\t<h3 class=\"elementor-heading-title elementor-size-default\">Delo, Ljubljana<\/h3>\t\t\t\t<\/div>\n\t\t\t\t<\/div>\n\t\t\t\t<\/div>\n\t\t<div class=\"elementor-element elementor-element-5e86c1a e-grid e-con-full e-con e-child\" data-id=\"5e86c1a\" data-element_type=\"container\">\n\t\t<div class=\"elementor-element elementor-element-574caeb e-con-full e-flex e-con e-child\" data-id=\"574caeb\" data-element_type=\"container\">\n\t\t\t\t<div class=\"elementor-element elementor-element-dd88991 elementor-widget elementor-widget-image\" data-id=\"dd88991\" data-element_type=\"widget\" data-widget_type=\"image.default\">\n\t\t\t\t\t\t\t\t\t\t\t\t\t\t\t<img decoding=\"async\" width=\"438\" height=\"306\" src=\"https:\/\/mursky.com\/wp-content\/uploads\/2025\/10\/gallery-1-1-1.png\" class=\"attachment-full size-full wp-image-487\" alt=\"img\" srcset=\"https:\/\/mursky.com\/wp-content\/uploads\/2025\/10\/gallery-1-1-1.png 438w, https:\/\/mursky.com\/wp-content\/uploads\/2025\/10\/gallery-1-1-1-300x210.png 300w, https:\/\/mursky.com\/wp-content\/uploads\/2025\/10\/gallery-1-1-1-18x12.png 18w\" sizes=\"(max-width: 438px) 100vw, 438px\" \/>\t\t\t\t\t\t\t\t\t\t\t\t\t\t\t<\/div>\n\t\t\t\t<div class=\"elementor-element elementor-element-f27b615 elementor-widget elementor-widget-text-editor\" data-id=\"f27b615\" data-element_type=\"widget\" data-widget_type=\"text-editor.default\">\n\t\t\t\t\t\t\t\t\tMursky\u2019s Tchaikovsky crackled with a high-voltage energy the authority of his opening, and the flashing clarity of his octaves\u2026\t\t\t\t\t\t\t\t<\/div>\n\t\t\t\t<div class=\"elementor-element elementor-element-2f84e15 elementor-widget elementor-widget-heading\" data-id=\"2f84e15\" data-element_type=\"widget\" data-widget_type=\"heading.default\">\n\t\t\t\t\t<h3 class=\"elementor-heading-title elementor-size-default\">The Times, London<\/h3>\t\t\t\t<\/div>\n\t\t\t\t<\/div>\n\t\t<div class=\"elementor-element elementor-element-08122c9 e-con-full e-flex e-con e-child\" data-id=\"08122c9\" data-element_type=\"container\">\n\t\t\t\t<div class=\"elementor-element elementor-element-421d31f elementor-widget elementor-widget-image\" data-id=\"421d31f\" data-element_type=\"widget\" data-widget_type=\"image.default\">\n\t\t\t\t\t\t\t\t\t\t\t\t\t\t\t<img fetchpriority=\"high\" decoding=\"async\" width=\"356\" height=\"243\" src=\"https:\/\/mursky.com\/wp-content\/uploads\/2025\/10\/news-2-1.png\" class=\"attachment-full size-full wp-image-27\" alt=\"img\" srcset=\"https:\/\/mursky.com\/wp-content\/uploads\/2025\/10\/news-2-1.png 356w, https:\/\/mursky.com\/wp-content\/uploads\/2025\/10\/news-2-1-300x205.png 300w, https:\/\/mursky.com\/wp-content\/uploads\/2025\/10\/news-2-1-18x12.png 18w\" sizes=\"(max-width: 356px) 100vw, 356px\" \/>\t\t\t\t\t\t\t\t\t\t\t\t\t\t\t<\/div>\n\t\t\t\t<div class=\"elementor-element elementor-element-6da834e elementor-widget elementor-widget-text-editor\" data-id=\"6da834e\" data-element_type=\"widget\" data-widget_type=\"text-editor.default\">\n\t\t\t\t\t\t\t\t\t<p>To hear him in Rachmaninoff\u2019s Concerto in c (with Royal Philharmonic under Niklas Will\u00e9n) was a pure joy: an extensive virtuosity, no boost but full power, no hard-boiled sensuality but a dense lyricism growing into the most organic discharges.<\/p>\t\t\t\t\t\t\t\t<\/div>\n\t\t\t\t<div class=\"elementor-element elementor-element-2842323 elementor-widget elementor-widget-heading\" data-id=\"2842323\" data-element_type=\"widget\" data-widget_type=\"heading.default\">\n\t\t\t\t\t<h3 class=\"elementor-heading-title elementor-size-default\">Dagens Nyheter, Stockholm<\/h3>\t\t\t\t<\/div>\n\t\t\t\t<\/div>\n\t\t<div class=\"elementor-element elementor-element-297f184 e-con-full e-flex e-con e-child\" data-id=\"297f184\" data-element_type=\"container\">\n\t\t\t\t<div class=\"elementor-element elementor-element-5d03607 elementor-widget elementor-widget-image\" data-id=\"5d03607\" data-element_type=\"widget\" data-widget_type=\"image.default\">\n\t\t\t\t\t\t\t\t\t\t\t\t\t\t\t<img decoding=\"async\" src=\"https:\/\/mursky.com\/wp-content\/uploads\/2025\/10\/news-1.png\" title=\"\" alt=\"\" loading=\"lazy\" \/>\t\t\t\t\t\t\t\t\t\t\t\t\t\t\t<\/div>\n\t\t\t\t<div class=\"elementor-element elementor-element-54b70b4 elementor-widget elementor-widget-text-editor\" data-id=\"54b70b4\" data-element_type=\"widget\" data-widget_type=\"text-editor.default\">\n\t\t\t\t\t\t\t\t\t<p>Mursky had shown himself to be an artist of potentially wonderful talent. His playing of Haydn\u2019s Sonata was magical.<\/p>\t\t\t\t\t\t\t\t<\/div>\n\t\t\t\t<div class=\"elementor-element elementor-element-35777d8 elementor-widget elementor-widget-heading\" data-id=\"35777d8\" data-element_type=\"widget\" data-widget_type=\"heading.default\">\n\t\t\t\t\t<h3 class=\"elementor-heading-title elementor-size-default\">New Zealand Herald, Auckland<\/h3>\t\t\t\t<\/div>\n\t\t\t\t<\/div>\n\t\t\t\t<\/div>\n\t\t\t\t\t<\/div>\n\t\t\t\t<\/div>\n\t\t\t\t<\/div>","protected":false},"excerpt":{"rendered":"<p>Press Our press \u201cWhile the Russian pianist can fire out semiquavers with mind blurring speed and accuracy, it was a performance that went beyond vertiginous velocity. An espressivo theme was an elegantly voiced nod to Rachmaninov, against sighs of muted strings. Stier fashioned the second movement as a showcase for the piquant, chiseled woodwind playing [&hellip;]<\/p>","protected":false},"author":3,"featured_media":0,"parent":0,"menu_order":0,"comment_status":"closed","ping_status":"closed","template":"elementor_header_footer","meta":{"footnotes":""},"class_list":["post-59","page","type-page","status-publish","hentry"],"_links":{"self":[{"href":"https:\/\/mursky.com\/de\/wp-json\/wp\/v2\/pages\/59","targetHints":{"allow":["GET"]}}],"collection":[{"href":"https:\/\/mursky.com\/de\/wp-json\/wp\/v2\/pages"}],"about":[{"href":"https:\/\/mursky.com\/de\/wp-json\/wp\/v2\/types\/page"}],"author":[{"embeddable":true,"href":"https:\/\/mursky.com\/de\/wp-json\/wp\/v2\/users\/3"}],"replies":[{"embeddable":true,"href":"https:\/\/mursky.com\/de\/wp-json\/wp\/v2\/comments?post=59"}],"version-history":[{"count":0,"href":"https:\/\/mursky.com\/de\/wp-json\/wp\/v2\/pages\/59\/revisions"}],"wp:attachment":[{"href":"https:\/\/mursky.com\/de\/wp-json\/wp\/v2\/media?parent=59"}],"curies":[{"name":"wp","href":"https:\/\/api.w.org\/{rel}","templated":true}]}}